{"id":506,"date":"2025-10-21T17:50:43","date_gmt":"2025-10-21T15:50:43","guid":{"rendered":"https:\/\/solora.pl\/?page_id=506"},"modified":"2025-10-21T18:13:22","modified_gmt":"2025-10-21T16:13:22","slug":"zwroty-copy","status":"publish","type":"page","link":"https:\/\/solora.pl\/?page_id=506","title":{"rendered":"Metody P\u0142ato\u015bci"},"content":{"rendered":"\t\t<div data-elementor-type=\"wp-page\" data-elementor-id=\"506\" class=\"elementor elementor-506\" data-elementor-settings=\"{&quot;ha_cmc_init_switcher&quot;:&quot;no&quot;}\" data-elementor-post-type=\"page\">\n\t\t\t\t<div class=\"elementor-element elementor-element-6a228ca e-flex e-con-boxed wpr-particle-no wpr-jarallax-no wpr-parallax-no wpr-sticky-section-no e-con e-parent\" data-id=\"6a228ca\" data-element_type=\"container\" data-settings=\"{&quot;_ha_eqh_enable&quot;:false}\">\n\t\t\t\t\t<div class=\"e-con-inner\">\n\t\t\t\t\t<\/div>\n\t\t\t\t<\/div>\n\t\t<div class=\"elementor-element elementor-element-1a288e8 e-flex e-con-boxed wpr-particle-no wpr-jarallax-no wpr-parallax-no wpr-sticky-section-no e-con e-parent\" data-id=\"1a288e8\" data-element_type=\"container\" data-settings=\"{&quot;_ha_eqh_enable&quot;:false}\">\n\t\t\t\t\t<div class=\"e-con-inner\">\n\t\t\t\t<div class=\"elementor-element elementor-element-2996be7 elementor-widget elementor-widget-heading\" data-id=\"2996be7\" data-element_type=\"widget\" data-widget_type=\"heading.default\">\n\t\t\t\t\t<h2 class=\"elementor-heading-title elementor-size-default\">Metody p\u0142atno\u015bci<\/h2>\t\t\t\t<\/div>\n\t\t\t\t\t<\/div>\n\t\t\t\t<\/div>\n\t\t<div class=\"elementor-element elementor-element-7c4f4de e-flex e-con-boxed wpr-particle-no wpr-jarallax-no wpr-parallax-no wpr-sticky-section-no e-con e-parent\" data-id=\"7c4f4de\" data-element_type=\"container\" data-settings=\"{&quot;_ha_eqh_enable&quot;:false}\">\n\t\t\t\t\t<div class=\"e-con-inner\">\n\t\t\t\t<div class=\"elementor-element elementor-element-4f26e20 elementor-widget elementor-widget-text-editor\" data-id=\"4f26e20\" data-element_type=\"widget\" data-widget_type=\"text-editor.default\">\n\t\t\t\t\t\t\t\t\t<ol><li><strong>P\u0142atno\u015b\u0107 przelewem tradycyjnym (na przelew czekamy do 5 dni):<\/strong><br \/>Nazwisko posiadacza: Gap Parners sp. z o.o.<br \/>Nr konta: 70 1050 1445 1000 0090 8546 9253<br \/>Nazwa Banku: Ing Bank \u015al\u0105ski S.A.<\/li><li><strong>P\u0142atno\u015b\u0107 za po\u015brednictwem iMoje ING:<\/strong> przelewy ekspresowe<\/li><li><strong>P\u0142atno\u015b\u0107 przy odbiorze<\/strong> &#8211; tylko dla wysy\u0142ki pobraniowej.<\/li><\/ol>\t\t\t\t\t\t\t\t<\/div>\n\t\t\t\t\t<\/div>\n\t\t\t\t<\/div>\n\t\t\t\t<\/div>\n\t\t","protected":false},"excerpt":{"rendered":"<p>Metody p\u0142atno\u015bci P\u0142atno\u015b\u0107 przelewem tradycyjnym (na przelew czekamy do 5 dni):Nazwisko posiadacza: Gap Parners sp. z o.o.Nr konta: 70 1050 1445 1000 0090 8546 9253Nazwa Banku: Ing Bank \u015al\u0105ski S.A. P\u0142atno\u015b\u0107 za po\u015brednictwem iMoje ING: przelewy ekspresowe P\u0142atno\u015b\u0107 przy odbiorze &#8211; tylko dla wysy\u0142ki pobraniowej.<\/p>\n","protected":false},"author":1,"featured_media":0,"parent":0,"menu_order":0,"comment_status":"closed","ping_status":"closed","template":"elementor_header_footer","meta":{"footnotes":""},"class_list":["post-506","page","type-page","status-publish","hentry"],"aioseo_notices":[],"jetpack_sharing_enabled":true,"_links":{"self":[{"href":"https:\/\/solora.pl\/index.php?rest_route=\/wp\/v2\/pages\/506","targetHints":{"allow":["GET"]}}],"collection":[{"href":"https:\/\/solora.pl\/index.php?rest_route=\/wp\/v2\/pages"}],"about":[{"href":"https:\/\/solora.pl\/index.php?rest_route=\/wp\/v2\/types\/page"}],"author":[{"embeddable":true,"href":"https:\/\/solora.pl\/index.php?rest_route=\/wp\/v2\/users\/1"}],"replies":[{"embeddable":true,"href":"https:\/\/solora.pl\/index.php?rest_route=%2Fwp%2Fv2%2Fcomments&post=506"}],"version-history":[{"count":4,"href":"https:\/\/solora.pl\/index.php?rest_route=\/wp\/v2\/pages\/506\/revisions"}],"predecessor-version":[{"id":513,"href":"https:\/\/solora.pl\/index.php?rest_route=\/wp\/v2\/pages\/506\/revisions\/513"}],"wp:attachment":[{"href":"https:\/\/solora.pl\/index.php?rest_route=%2Fwp%2Fv2%2Fmedia&parent=506"}],"curies":[{"name":"wp","href":"https:\/\/api.w.org\/{rel}","templated":true}]}}