{"id":615,"date":"2025-10-28T14:33:24","date_gmt":"2025-10-28T13:33:24","guid":{"rendered":"https:\/\/solora.pl\/?page_id=615"},"modified":"2025-10-28T14:36:42","modified_gmt":"2025-10-28T13:36:42","slug":"metody-platosci-copy-2","status":"publish","type":"page","link":"https:\/\/solora.pl\/?page_id=615","title":{"rendered":"Dostawa"},"content":{"rendered":"\t\t<div data-elementor-type=\"wp-page\" data-elementor-id=\"615\" class=\"elementor elementor-615\" data-elementor-settings=\"{&quot;ha_cmc_init_switcher&quot;:&quot;no&quot;}\" data-elementor-post-type=\"page\">\n\t\t\t\t<div class=\"elementor-element elementor-element-6a228ca e-flex e-con-boxed wpr-particle-no wpr-jarallax-no wpr-parallax-no wpr-sticky-section-no e-con e-parent\" data-id=\"6a228ca\" data-element_type=\"container\" data-settings=\"{&quot;_ha_eqh_enable&quot;:false}\">\n\t\t\t\t\t<div class=\"e-con-inner\">\n\t\t\t\t\t<\/div>\n\t\t\t\t<\/div>\n\t\t<div class=\"elementor-element elementor-element-1a288e8 e-flex e-con-boxed wpr-particle-no wpr-jarallax-no wpr-parallax-no wpr-sticky-section-no e-con e-parent\" data-id=\"1a288e8\" data-element_type=\"container\" data-settings=\"{&quot;_ha_eqh_enable&quot;:false}\">\n\t\t\t\t\t<div class=\"e-con-inner\">\n\t\t\t\t<div class=\"elementor-element elementor-element-2996be7 elementor-widget elementor-widget-heading\" data-id=\"2996be7\" data-element_type=\"widget\" data-widget_type=\"heading.default\">\n\t\t\t\t\t<h2 class=\"elementor-heading-title elementor-size-default\">Dostawa<\/h2>\t\t\t\t<\/div>\n\t\t\t\t\t<\/div>\n\t\t\t\t<\/div>\n\t\t<div class=\"elementor-element elementor-element-7c4f4de e-flex e-con-boxed wpr-particle-no wpr-jarallax-no wpr-parallax-no wpr-sticky-section-no e-con e-parent\" data-id=\"7c4f4de\" data-element_type=\"container\" data-settings=\"{&quot;_ha_eqh_enable&quot;:false}\">\n\t\t\t\t\t<div class=\"e-con-inner\">\n\t\t\t\t<div class=\"elementor-element elementor-element-4f26e20 elementor-widget elementor-widget-text-editor\" data-id=\"4f26e20\" data-element_type=\"widget\" data-widget_type=\"text-editor.default\">\n\t\t\t\t\t\t\t\t\t<p>W naszym sklepie zapewniamy szybkie i wygodne opcje dostawy, aby Twoje zakupy dotar\u0142y do Ciebie sprawnie i bezproblemowo. Oferujemy wsp\u00f3\u0142prac\u0119 z zaufanymi przewo\u017anikami, aby zagwarantowa\u0107 najlepsz\u0105 obs\u0142ug\u0119.<\/p><h4 class=\"wp-block-heading\"><strong>Metody dostawy:<\/strong><\/h4><ol class=\"wp-block-list\"><li><strong>Paczkomaty InPost<\/strong>\u00a0\u2013 15,99 z\u0142<br \/><ul class=\"wp-block-list\"><li>Wygodna opcja odbioru w dowolnym momencie.<\/li><li>Otrzymasz powiadomienia o mo\u017cliwo\u015bci odbioru.<\/li><\/ul><\/li><li><strong>Kurier DPD<\/strong>\u00a0\u2013 18,99 z\u0142<br \/><ul class=\"wp-block-list\"><li>Dostawa pod wskazany adres.<\/li><li>Mo\u017cliwo\u015b\u0107 \u015bledzenia przesy\u0142ki online.<\/li><\/ul><\/li><li><strong>Kurier InPost<\/strong>\u00a0\u2013 18,99 z\u0142<br \/><ul class=\"wp-block-list\"><li>Bezpieczna dostawa pod wskazany adres.<\/li><li>Powiadomienia SMS\/e-mail o statusie przesy\u0142ki.<\/li><\/ul><\/li><\/ol><h4 class=\"wp-block-heading\"><strong>Czas dostawy:<\/strong><\/h4><p>Zam\u00f3wienia s\u0105 realizowane w najszybszym mo\u017cliwym czasie, aby paczka dotar\u0142a do Ciebie zgodnie z przewidywanym terminem dostawy. Czas dostawy wynosi zazwyczaj 1-3 dni robocze.<\/p><h4 class=\"wp-block-heading\"><strong>\u015aledzenie przesy\u0142ki:<\/strong><\/h4><p>Po nadaniu przesy\u0142ki otrzymasz numer paczki oraz link do jej \u015bledzenia, aby na bie\u017c\u0105co monitorowa\u0107 drog\u0119 swojej przesy\u0142ki.<\/p><h4 class=\"wp-block-heading\"><strong>Bezpieczne pakowanie:<\/strong><\/h4><p>Ka\u017cde zam\u00f3wienie jest starannie zapakowane, aby zapewni\u0107 bezpieczny transport i dotarcie w idealnym stanie.<\/p><p>Je\u015bli masz pytania dotycz\u0105ce dostawy lub potrzebujesz pomocy, skontaktuj si\u0119 z nami.<br \/>Dzi\u0119kujemy za zakupy w naszym sklepie!<\/p>\t\t\t\t\t\t\t\t<\/div>\n\t\t\t\t\t<\/div>\n\t\t\t\t<\/div>\n\t\t\t\t<\/div>\n\t\t","protected":false},"excerpt":{"rendered":"<p>Dostawa W naszym sklepie zapewniamy szybkie i wygodne opcje dostawy, aby Twoje zakupy dotar\u0142y do Ciebie sprawnie i bezproblemowo. Oferujemy wsp\u00f3\u0142prac\u0119 z zaufanymi przewo\u017anikami, aby zagwarantowa\u0107 najlepsz\u0105 obs\u0142ug\u0119. Metody dostawy: Paczkomaty InPost\u00a0\u2013 15,99 z\u0142 Wygodna opcja odbioru w dowolnym momencie. Otrzymasz powiadomienia o mo\u017cliwo\u015bci odbioru. Kurier DPD\u00a0\u2013 18,99 z\u0142 Dostawa pod wskazany adres. Mo\u017cliwo\u015b\u0107 \u015bledzenia przesy\u0142ki online. Kurier InPost\u00a0\u2013 18,99 z\u0142 Bezpieczna dostawa pod wskazany adres. Powiadomienia SMS\/e-mail o statusie przesy\u0142ki. Czas dostawy: Zam\u00f3wienia s\u0105 realizowane w najszybszym mo\u017cliwym czasie, aby paczka dotar\u0142a do Ciebie zgodnie z przewidywanym terminem dostawy. Czas dostawy wynosi zazwyczaj 1-3 dni robocze. \u015aledzenie przesy\u0142ki: Po nadaniu przesy\u0142ki otrzymasz numer paczki oraz link do jej \u015bledzenia, aby na bie\u017c\u0105co monitorowa\u0107 drog\u0119 swojej przesy\u0142ki. Bezpieczne pakowanie: Ka\u017cde zam\u00f3wienie jest starannie zapakowane, aby zapewni\u0107 bezpieczny transport i dotarcie w idealnym stanie. Je\u015bli masz pytania dotycz\u0105ce dostawy lub potrzebujesz pomocy, skontaktuj si\u0119 z nami.Dzi\u0119kujemy za zakupy w naszym sklepie!<\/p>\n","protected":false},"author":1,"featured_media":0,"parent":0,"menu_order":0,"comment_status":"closed","ping_status":"closed","template":"elementor_header_footer","meta":{"footnotes":""},"class_list":["post-615","page","type-page","status-publish","hentry"],"aioseo_notices":[],"jetpack_sharing_enabled":true,"_links":{"self":[{"href":"https:\/\/solora.pl\/index.php?rest_route=\/wp\/v2\/pages\/615","targetHints":{"allow":["GET"]}}],"collection":[{"href":"https:\/\/solora.pl\/index.php?rest_route=\/wp\/v2\/pages"}],"about":[{"href":"https:\/\/solora.pl\/index.php?rest_route=\/wp\/v2\/types\/page"}],"author":[{"embeddable":true,"href":"https:\/\/solora.pl\/index.php?rest_route=\/wp\/v2\/users\/1"}],"replies":[{"embeddable":true,"href":"https:\/\/solora.pl\/index.php?rest_route=%2Fwp%2Fv2%2Fcomments&post=615"}],"version-history":[{"count":4,"href":"https:\/\/solora.pl\/index.php?rest_route=\/wp\/v2\/pages\/615\/revisions"}],"predecessor-version":[{"id":619,"href":"https:\/\/solora.pl\/index.php?rest_route=\/wp\/v2\/pages\/615\/revisions\/619"}],"wp:attachment":[{"href":"https:\/\/solora.pl\/index.php?rest_route=%2Fwp%2Fv2%2Fmedia&parent=615"}],"curies":[{"name":"wp","href":"https:\/\/api.w.org\/{rel}","templated":true}]}}