{"id":1176,"date":"2025-12-11T22:56:08","date_gmt":"2025-12-11T21:56:08","guid":{"rendered":"https:\/\/solora.pl\/?post_type=product&#038;p=1176"},"modified":"2026-01-29T11:48:55","modified_gmt":"2026-01-29T10:48:55","slug":"gearcap-led","status":"publish","type":"product","link":"https:\/\/solora.pl\/?product=gearcap-led","title":{"rendered":"GearCap LED &#8211; Ciep\u0142a Czapka z Latark\u0105 Czo\u0142ow\u0105"},"content":{"rendered":"","protected":false},"excerpt":{"rendered":"","protected":false},"featured_media":1200,"template":"","meta":[],"product_brand":[57],"product_cat":[56],"product_tag":[],"class_list":{"0":"post-1176","1":"product","2":"type-product","3":"status-publish","4":"has-post-thumbnail","6":"product_brand-gear-cup","7":"product_cat-styl","9":"first","10":"instock","11":"sale","12":"shipping-taxable","13":"purchasable","14":"product-type-variable","15":"has-default-attributes"},"aioseo_notices":[],"jetpack_sharing_enabled":true,"_links":{"self":[{"href":"https:\/\/solora.pl\/index.php?rest_route=\/wp\/v2\/product\/1176","targetHints":{"allow":["GET"]}}],"collection":[{"href":"https:\/\/solora.pl\/index.php?rest_route=\/wp\/v2\/product"}],"about":[{"href":"https:\/\/solora.pl\/index.php?rest_route=\/wp\/v2\/types\/product"}],"version-history":[{"count":4,"href":"https:\/\/solora.pl\/index.php?rest_route=\/wp\/v2\/product\/1176\/revisions"}],"predecessor-version":[{"id":1302,"href":"https:\/\/solora.pl\/index.php?rest_route=\/wp\/v2\/product\/1176\/revisions\/1302"}],"wp:featuredmedia":[{"embeddable":true,"href":"https:\/\/solora.pl\/index.php?rest_route=\/wp\/v2\/media\/1200"}],"wp:attachment":[{"href":"https:\/\/solora.pl\/index.php?rest_route=%2Fwp%2Fv2%2Fmedia&parent=1176"}],"wp:term":[{"taxonomy":"product_brand","embeddable":true,"href":"https:\/\/solora.pl\/index.php?rest_route=%2Fwp%2Fv2%2Fproduct_brand&post=1176"},{"taxonomy":"product_cat","embeddable":true,"href":"https:\/\/solora.pl\/index.php?rest_route=%2Fwp%2Fv2%2Fproduct_cat&post=1176"},{"taxonomy":"product_tag","embeddable":true,"href":"https:\/\/solora.pl\/index.php?rest_route=%2Fwp%2Fv2%2Fproduct_tag&post=1176"}],"curies":[{"name":"wp","href":"https:\/\/api.w.org\/{rel}","templated":true}]}}